{"id":17,"date":"2016-06-26T22:50:24","date_gmt":"2016-06-26T20:50:24","guid":{"rendered":"http:\/\/www.oeaab-wien-aps.at\/?page_id=17"},"modified":"2026-03-08T16:59:46","modified_gmt":"2026-03-08T15:59:46","slug":"veranstaltungen","status":"publish","type":"page","link":"https:\/\/www.oeaab-wien-aps.at\/?page_id=17","title":{"rendered":"Veranstaltungen"},"content":{"rendered":"\n<div class=\"wp-block-media-text alignwide has-media-on-the-right is-stacked-on-mobile is-vertically-aligned-bottom\" style=\"grid-template-columns:auto 33%\"><div class=\"wp-block-media-text__content\"><div class=\"frm_forms  with_frm_style frm_style_formidable-style\" id=\"frm_form_2_container\" >\n<form enctype=\"multipart\/form-data\" method=\"post\" class=\"frm-show-form \" id=\"form_wedding-date-application\" >\n<div class=\"frm_form_fields \">\n<fieldset>\n<legend class=\"frm_screen_reader\">Teilnahme<\/legend>\r\n\r\n<div class=\"frm_fields_container\">\n<input type=\"hidden\" name=\"frm_action\" value=\"create\" \/>\n<input type=\"hidden\" name=\"form_id\" value=\"2\" \/>\n<input type=\"hidden\" name=\"frm_hide_fields_2\" id=\"frm_hide_fields_2\" value=\"\" \/>\n<input type=\"hidden\" name=\"form_key\" value=\"wedding-date-application\" \/>\n<input type=\"hidden\" name=\"item_meta[0]\" value=\"\" \/>\n<input type=\"hidden\" id=\"frm_submit_entry_2\" name=\"frm_submit_entry_2\" value=\"113c87b611\" \/><input type=\"hidden\" name=\"_wp_http_referer\" value=\"\/index.php?rest_route=%2Fwp%2Fv2%2Fpages%2F17\" \/><div id=\"frm_field_6_container\" class=\"frm_form_field form-field  frm_required_field frm_top_container\">\r\n    <div  id=\"field_wvvls22_label\" class=\"frm_primary_label\">Name\r\n        <span class=\"frm_required\" aria-hidden=\"true\">*<\/span>\r\n    <\/div>\r\n    <fieldset aria-labelledby=\"field_wvvls22_label\">\n\t<legend class=\"frm_screen_reader frm_hidden\">\n\t\tName\t<\/legend>\n\n\t<div  class=\"frm_combo_inputs_container\" id=\"frm_combo_inputs_container_6\" data-name-layout=\"first_last\">\n\t\t\t\t\t<div\n\t\t\t\tid=\"frm_field_6-first_container\"\n\t\t\t\tclass=\"frm_form_field form-field frm_form_subfield-first  frm6\"\n\t\t\t\tdata-sub-field-name=\"first\"\n\t\t\t>\n\t\t\t\t<label for=\"field_wvvls22_first\" class=\"frm_screen_reader frm_hidden\">\n\t\t\t\t\tVorname\t\t\t\t<\/label>\n\n\t\t\t\t<input  type=\"text\" id=\"field_wvvls22_first\" value=\"\" name=\"item_meta[6][first]\" autocomplete=\"given-name\" data-reqmsg=\"Name kann nicht leer sein.\" aria-required=\"true\" data-invmsg=\"Name ist ung\u00fcltig\" aria-invalid=\"false\"  \/><div class=\"frm_description\" id=\"frm_field_6_first_desc\">Vorname<\/div>\t\t\t<\/div>\n\t\t\t\t\t\t<div\n\t\t\t\tid=\"frm_field_6-last_container\"\n\t\t\t\tclass=\"frm_form_field form-field frm_form_subfield-last  frm6\"\n\t\t\t\tdata-sub-field-name=\"last\"\n\t\t\t>\n\t\t\t\t<label for=\"field_wvvls22_last\" class=\"frm_screen_reader frm_hidden\">\n\t\t\t\t\tNachname\t\t\t\t<\/label>\n\n\t\t\t\t<input  type=\"text\" id=\"field_wvvls22_last\" value=\"\" name=\"item_meta[6][last]\" autocomplete=\"family-name\" data-reqmsg=\"Name kann nicht leer sein.\" aria-required=\"true\" data-invmsg=\"Name ist ung\u00fcltig\" aria-invalid=\"false\"  \/><div class=\"frm_description\" id=\"frm_field_6_last_desc\">Nachname<\/div>\t\t\t<\/div>\n\t\t\t\t<\/div>\n<\/fieldset>\n\r\n    \r\n    \r\n<\/div>\n<div id=\"frm_field_18_container\" class=\"frm_form_field form-field  frm_required_field frm_top_container frm12 frm_first vertical_radio\">\r\n\t<div  id=\"field_vsebw22_label\" class=\"frm_primary_label\">Teilnahme: 28. Mai 2026 16:00 Uhr: LeiterInnengespr\u00e4ch: Laudon 16\r\n\t\t<span class=\"frm_required\" aria-hidden=\"true\">*<\/span>\r\n\t<\/div>\r\n\t<div class=\"frm_opt_container\" aria-labelledby=\"field_vsebw22_label\" role=\"group\">\t\t<div class=\"frm_checkbox\" id=\"frm_checkbox_18-0\">\t\t\t<label  for=\"field_vsebw22-0\">\n\t\t\t<input type=\"checkbox\" name=\"item_meta[18][]\" id=\"field_vsebw22-0\" value=\"Ja\"  data-reqmsg=\"Teilnahme: 28. Mai 2026 16:00 Uhr: LeiterInnengespr\u00e4ch: Laudon 16 kann nicht leer sein.\" data-invmsg=\"Teilnahme: 28. Mai 2026 16:00 Uhr: LeiterInnengespr\u00e4ch: Laudon 16 ist ung\u00fcltig\"   aria-required=\"true\"  \/> Ja<\/label><\/div>\n\t\t<div class=\"frm_checkbox\" id=\"frm_checkbox_18-1\">\t\t\t<label  for=\"field_vsebw22-1\">\n\t\t\t<input type=\"checkbox\" name=\"item_meta[18][]\" id=\"field_vsebw22-1\" value=\"Nein\"  data-reqmsg=\"Teilnahme: 28. Mai 2026 16:00 Uhr: LeiterInnengespr\u00e4ch: Laudon 16 kann nicht leer sein.\" data-invmsg=\"Teilnahme: 28. Mai 2026 16:00 Uhr: LeiterInnengespr\u00e4ch: Laudon 16 ist ung\u00fcltig\"   \/> Nein<\/label><\/div>\n<\/div>\r\n\t\r\n\t\r\n<\/div>\n<div id=\"frm_field_63_container\" class=\"frm_form_field form-field  frm_top_container\">\r\n\t<label for=\"field_ir8lw\" id=\"field_ir8lw_label\" class=\"frm_primary_label\">E-Mail\r\n\t\t<span class=\"frm_required\" aria-hidden=\"true\"><\/span>\r\n\t<\/label>\r\n\t<input type=\"email\" id=\"field_ir8lw\" name=\"item_meta[63]\" value=\"\"  data-invmsg=\"E-Mail ist ung\u00fcltig\" aria-invalid=\"false\"  \/>\r\n\t\r\n\t\r\n<\/div>\n<div id=\"frm_field_33_container\" class=\"frm_form_field form-field \">\r\n\t<div class=\"frm_submit\">\r\n\r\n<button class=\"frm_button_submit\" type=\"submit\" >Senden<\/button>\r\n\r\n\r\n<\/div>\r\n<\/div>\n\t<input type=\"hidden\" name=\"item_key\" value=\"\" \/>\n\t\t\t<div id=\"frm_field_66_container\">\n\t\t\t<label for=\"field_xfa2z\" >\n\t\t\t\tFalls Du menschlich bist, lasse dieses Feld leer.\t\t\t<\/label>\n\t\t\t<input  id=\"field_xfa2z\" type=\"text\" class=\"frm_form_field form-field frm_verify\" name=\"item_meta[66]\" value=\"\"  \/>\n\t\t<\/div>\n\t\t<input name=\"frm_state\" type=\"hidden\" value=\"3x86o0ZdkcuQXPGSrxA4eDlI1Es++aHqAnSczsjXfpY=\" \/><\/div>\n<\/fieldset>\n<\/div>\n\n<\/form>\n<\/div>\n\n\n\n<h2 class=\"wp-block-heading\">\u00d6AAB Leitergespr\u00e4che 2026<\/h2>\n\n\n\n<p>Zur Vernetzung finden in regelm\u00e4\u00dfigen Abst\u00e4nden LeiterInnen- und Obleutegespr\u00e4che statt. Die pers\u00f6nlichen Einladungen werden per Mail adressiert.<\/p>\n\n\n\n<p>Kommende Termine:<\/p>\n\n\n\n<p>15. April 2026 16:00 Uhr: \u00d6AAB Cafe <a href=\"http:\/\/www.laudon16.at\">Laudon 16<\/a><\/p>\n\n\n\n<p>28. Mai 2026 16:00 Uhr: LeiterInnengespr\u00e4ch: <a href=\"http:\/\/www.laudon16.at\">Laudon 16<\/a><\/p>\n\n\n\n<p>Melden Sie sich f\u00fcr unseren Newsletter an, um rechtzeitig \u00fcber Veranstaltungen informiert zu werden!<\/p>\n<\/div><figure class=\"wp-block-media-text__media\"><img loading=\"lazy\" decoding=\"async\" width=\"960\" height=\"720\" src=\"http:\/\/www.oeaab-wien-aps.at\/wp-content\/uploads\/2019\/09\/69154424.jpg\" alt=\"\" class=\"wp-image-539 size-full\" srcset=\"https:\/\/www.oeaab-wien-aps.at\/wp-content\/uploads\/2019\/09\/69154424.jpg 960w, https:\/\/www.oeaab-wien-aps.at\/wp-content\/uploads\/2019\/09\/69154424-300x225.jpg 300w, https:\/\/www.oeaab-wien-aps.at\/wp-content\/uploads\/2019\/09\/69154424-768x576.jpg 768w, https:\/\/www.oeaab-wien-aps.at\/wp-content\/uploads\/2019\/09\/69154424-50x38.jpg 50w\" sizes=\"auto, (max-width: 960px) 100vw, 960px\" \/><\/figure><\/div>\n\n\n\n<h2 class=\"wp-block-heading\">Fotos Leitergespr\u00e4ch 2025<\/h2>\n\n\n\n<figure class=\"wp-block-gallery has-nested-images columns-default is-cropped wp-block-gallery-1 is-layout-flex wp-block-gallery-is-layout-flex\">\n<figure class=\"wp-block-image size-large\"><img loading=\"lazy\" decoding=\"async\" width=\"1024\" height=\"768\" data-id=\"1303\" src=\"https:\/\/www.oeaab-wien-aps.at\/wp-content\/uploads\/2025\/03\/20250313_161652-3-1024x768.jpg\" alt=\"\" class=\"wp-image-1303\" srcset=\"https:\/\/www.oeaab-wien-aps.at\/wp-content\/uploads\/2025\/03\/20250313_161652-3-1024x768.jpg 1024w, https:\/\/www.oeaab-wien-aps.at\/wp-content\/uploads\/2025\/03\/20250313_161652-3-300x225.jpg 300w, https:\/\/www.oeaab-wien-aps.at\/wp-content\/uploads\/2025\/03\/20250313_161652-3-768x576.jpg 768w, https:\/\/www.oeaab-wien-aps.at\/wp-content\/uploads\/2025\/03\/20250313_161652-3-1536x1152.jpg 1536w, https:\/\/www.oeaab-wien-aps.at\/wp-content\/uploads\/2025\/03\/20250313_161652-3-2048x1536.jpg 2048w, https:\/\/www.oeaab-wien-aps.at\/wp-content\/uploads\/2025\/03\/20250313_161652-3-50x38.jpg 50w, https:\/\/www.oeaab-wien-aps.at\/wp-content\/uploads\/2025\/03\/20250313_161652-3-80x60.jpg 80w, https:\/\/www.oeaab-wien-aps.at\/wp-content\/uploads\/2025\/03\/20250313_161652-3-1320x990.jpg 1320w\" sizes=\"auto, (max-width: 1024px) 100vw, 1024px\" \/><\/figure>\n\n\n\n<figure class=\"wp-block-image size-large\"><img loading=\"lazy\" decoding=\"async\" width=\"1024\" height=\"828\" data-id=\"1304\" src=\"https:\/\/www.oeaab-wien-aps.at\/wp-content\/uploads\/2025\/03\/20250313_161704-3-1024x828.jpg\" alt=\"\" class=\"wp-image-1304\" srcset=\"https:\/\/www.oeaab-wien-aps.at\/wp-content\/uploads\/2025\/03\/20250313_161704-3-1024x828.jpg 1024w, https:\/\/www.oeaab-wien-aps.at\/wp-content\/uploads\/2025\/03\/20250313_161704-3-300x243.jpg 300w, https:\/\/www.oeaab-wien-aps.at\/wp-content\/uploads\/2025\/03\/20250313_161704-3-768x621.jpg 768w, https:\/\/www.oeaab-wien-aps.at\/wp-content\/uploads\/2025\/03\/20250313_161704-3-1536x1243.jpg 1536w, https:\/\/www.oeaab-wien-aps.at\/wp-content\/uploads\/2025\/03\/20250313_161704-3-2048x1657.jpg 2048w, https:\/\/www.oeaab-wien-aps.at\/wp-content\/uploads\/2025\/03\/20250313_161704-3-50x40.jpg 50w, https:\/\/www.oeaab-wien-aps.at\/wp-content\/uploads\/2025\/03\/20250313_161704-3-74x60.jpg 74w, https:\/\/www.oeaab-wien-aps.at\/wp-content\/uploads\/2025\/03\/20250313_161704-3-1320x1068.jpg 1320w\" sizes=\"auto, (max-width: 1024px) 100vw, 1024px\" \/><\/figure>\n\n\n\n<figure class=\"wp-block-image size-large\"><img loading=\"lazy\" decoding=\"async\" width=\"1024\" height=\"768\" data-id=\"1305\" src=\"https:\/\/www.oeaab-wien-aps.at\/wp-content\/uploads\/2025\/03\/20250313_161716-3-1024x768.jpg\" alt=\"\" class=\"wp-image-1305\" srcset=\"https:\/\/www.oeaab-wien-aps.at\/wp-content\/uploads\/2025\/03\/20250313_161716-3-1024x768.jpg 1024w, https:\/\/www.oeaab-wien-aps.at\/wp-content\/uploads\/2025\/03\/20250313_161716-3-300x225.jpg 300w, https:\/\/www.oeaab-wien-aps.at\/wp-content\/uploads\/2025\/03\/20250313_161716-3-768x576.jpg 768w, https:\/\/www.oeaab-wien-aps.at\/wp-content\/uploads\/2025\/03\/20250313_161716-3-1536x1152.jpg 1536w, https:\/\/www.oeaab-wien-aps.at\/wp-content\/uploads\/2025\/03\/20250313_161716-3-2048x1536.jpg 2048w, https:\/\/www.oeaab-wien-aps.at\/wp-content\/uploads\/2025\/03\/20250313_161716-3-50x38.jpg 50w, https:\/\/www.oeaab-wien-aps.at\/wp-content\/uploads\/2025\/03\/20250313_161716-3-80x60.jpg 80w, https:\/\/www.oeaab-wien-aps.at\/wp-content\/uploads\/2025\/03\/20250313_161716-3-1320x990.jpg 1320w\" sizes=\"auto, (max-width: 1024px) 100vw, 1024px\" \/><\/figure>\n\n\n\n<figure class=\"wp-block-image size-large\"><img loading=\"lazy\" decoding=\"async\" width=\"1024\" height=\"768\" data-id=\"1306\" src=\"https:\/\/www.oeaab-wien-aps.at\/wp-content\/uploads\/2025\/03\/20250313_161717-3-1024x768.jpg\" alt=\"\" class=\"wp-image-1306\" srcset=\"https:\/\/www.oeaab-wien-aps.at\/wp-content\/uploads\/2025\/03\/20250313_161717-3-1024x768.jpg 1024w, https:\/\/www.oeaab-wien-aps.at\/wp-content\/uploads\/2025\/03\/20250313_161717-3-300x225.jpg 300w, https:\/\/www.oeaab-wien-aps.at\/wp-content\/uploads\/2025\/03\/20250313_161717-3-768x576.jpg 768w, https:\/\/www.oeaab-wien-aps.at\/wp-content\/uploads\/2025\/03\/20250313_161717-3-1536x1152.jpg 1536w, https:\/\/www.oeaab-wien-aps.at\/wp-content\/uploads\/2025\/03\/20250313_161717-3-2048x1536.jpg 2048w, https:\/\/www.oeaab-wien-aps.at\/wp-content\/uploads\/2025\/03\/20250313_161717-3-50x38.jpg 50w, https:\/\/www.oeaab-wien-aps.at\/wp-content\/uploads\/2025\/03\/20250313_161717-3-80x60.jpg 80w, https:\/\/www.oeaab-wien-aps.at\/wp-content\/uploads\/2025\/03\/20250313_161717-3-1320x990.jpg 1320w\" sizes=\"auto, (max-width: 1024px) 100vw, 1024px\" \/><\/figure>\n\n\n\n<figure class=\"wp-block-image size-large\"><img loading=\"lazy\" decoding=\"async\" width=\"1024\" height=\"768\" data-id=\"1307\" src=\"https:\/\/www.oeaab-wien-aps.at\/wp-content\/uploads\/2025\/03\/20250313_161731-3-1024x768.jpg\" alt=\"\" class=\"wp-image-1307\" srcset=\"https:\/\/www.oeaab-wien-aps.at\/wp-content\/uploads\/2025\/03\/20250313_161731-3-1024x768.jpg 1024w, https:\/\/www.oeaab-wien-aps.at\/wp-content\/uploads\/2025\/03\/20250313_161731-3-300x225.jpg 300w, https:\/\/www.oeaab-wien-aps.at\/wp-content\/uploads\/2025\/03\/20250313_161731-3-768x576.jpg 768w, https:\/\/www.oeaab-wien-aps.at\/wp-content\/uploads\/2025\/03\/20250313_161731-3-1536x1152.jpg 1536w, https:\/\/www.oeaab-wien-aps.at\/wp-content\/uploads\/2025\/03\/20250313_161731-3-2048x1536.jpg 2048w, https:\/\/www.oeaab-wien-aps.at\/wp-content\/uploads\/2025\/03\/20250313_161731-3-50x38.jpg 50w, https:\/\/www.oeaab-wien-aps.at\/wp-content\/uploads\/2025\/03\/20250313_161731-3-80x60.jpg 80w, https:\/\/www.oeaab-wien-aps.at\/wp-content\/uploads\/2025\/03\/20250313_161731-3-1320x990.jpg 1320w\" sizes=\"auto, (max-width: 1024px) 100vw, 1024px\" \/><\/figure>\n\n\n\n<figure class=\"wp-block-image size-large\"><img loading=\"lazy\" decoding=\"async\" width=\"1024\" height=\"768\" data-id=\"1308\" src=\"https:\/\/www.oeaab-wien-aps.at\/wp-content\/uploads\/2025\/03\/20250313_161846-3-1024x768.jpg\" alt=\"\" class=\"wp-image-1308\" srcset=\"https:\/\/www.oeaab-wien-aps.at\/wp-content\/uploads\/2025\/03\/20250313_161846-3-1024x768.jpg 1024w, https:\/\/www.oeaab-wien-aps.at\/wp-content\/uploads\/2025\/03\/20250313_161846-3-300x225.jpg 300w, https:\/\/www.oeaab-wien-aps.at\/wp-content\/uploads\/2025\/03\/20250313_161846-3-768x576.jpg 768w, https:\/\/www.oeaab-wien-aps.at\/wp-content\/uploads\/2025\/03\/20250313_161846-3-1536x1152.jpg 1536w, https:\/\/www.oeaab-wien-aps.at\/wp-content\/uploads\/2025\/03\/20250313_161846-3-2048x1536.jpg 2048w, https:\/\/www.oeaab-wien-aps.at\/wp-content\/uploads\/2025\/03\/20250313_161846-3-50x38.jpg 50w, https:\/\/www.oeaab-wien-aps.at\/wp-content\/uploads\/2025\/03\/20250313_161846-3-80x60.jpg 80w, https:\/\/www.oeaab-wien-aps.at\/wp-content\/uploads\/2025\/03\/20250313_161846-3-1320x990.jpg 1320w\" sizes=\"auto, (max-width: 1024px) 100vw, 1024px\" \/><\/figure>\n\n\n\n<figure class=\"wp-block-image size-large\"><img loading=\"lazy\" decoding=\"async\" width=\"768\" height=\"1024\" data-id=\"1309\" src=\"https:\/\/www.oeaab-wien-aps.at\/wp-content\/uploads\/2025\/03\/20250313_164229-3-768x1024.jpg\" alt=\"\" class=\"wp-image-1309\" srcset=\"https:\/\/www.oeaab-wien-aps.at\/wp-content\/uploads\/2025\/03\/20250313_164229-3-768x1024.jpg 768w, https:\/\/www.oeaab-wien-aps.at\/wp-content\/uploads\/2025\/03\/20250313_164229-3-225x300.jpg 225w, https:\/\/www.oeaab-wien-aps.at\/wp-content\/uploads\/2025\/03\/20250313_164229-3-1152x1536.jpg 1152w, https:\/\/www.oeaab-wien-aps.at\/wp-content\/uploads\/2025\/03\/20250313_164229-3-1536x2048.jpg 1536w, https:\/\/www.oeaab-wien-aps.at\/wp-content\/uploads\/2025\/03\/20250313_164229-3-38x50.jpg 38w, https:\/\/www.oeaab-wien-aps.at\/wp-content\/uploads\/2025\/03\/20250313_164229-3-45x60.jpg 45w, https:\/\/www.oeaab-wien-aps.at\/wp-content\/uploads\/2025\/03\/20250313_164229-3-1320x1760.jpg 1320w, https:\/\/www.oeaab-wien-aps.at\/wp-content\/uploads\/2025\/03\/20250313_164229-3-scaled.jpg 1920w\" sizes=\"auto, (max-width: 768px) 100vw, 768px\" \/><\/figure>\n\n\n\n<figure class=\"wp-block-image size-large\"><img loading=\"lazy\" decoding=\"async\" width=\"1024\" height=\"981\" data-id=\"1310\" src=\"https:\/\/www.oeaab-wien-aps.at\/wp-content\/uploads\/2025\/03\/20250313_170425-3-1024x981.jpg\" alt=\"\" class=\"wp-image-1310\" srcset=\"https:\/\/www.oeaab-wien-aps.at\/wp-content\/uploads\/2025\/03\/20250313_170425-3-1024x981.jpg 1024w, https:\/\/www.oeaab-wien-aps.at\/wp-content\/uploads\/2025\/03\/20250313_170425-3-300x287.jpg 300w, https:\/\/www.oeaab-wien-aps.at\/wp-content\/uploads\/2025\/03\/20250313_170425-3-768x736.jpg 768w, https:\/\/www.oeaab-wien-aps.at\/wp-content\/uploads\/2025\/03\/20250313_170425-3-1536x1472.jpg 1536w, https:\/\/www.oeaab-wien-aps.at\/wp-content\/uploads\/2025\/03\/20250313_170425-3-2048x1963.jpg 2048w, https:\/\/www.oeaab-wien-aps.at\/wp-content\/uploads\/2025\/03\/20250313_170425-3-50x48.jpg 50w, https:\/\/www.oeaab-wien-aps.at\/wp-content\/uploads\/2025\/03\/20250313_170425-3-63x60.jpg 63w, https:\/\/www.oeaab-wien-aps.at\/wp-content\/uploads\/2025\/03\/20250313_170425-3-1320x1265.jpg 1320w\" sizes=\"auto, (max-width: 1024px) 100vw, 1024px\" \/><\/figure>\n\n\n\n<figure class=\"wp-block-image size-large\"><img loading=\"lazy\" decoding=\"async\" width=\"1920\" height=\"2560\" data-id=\"1316\" src=\"https:\/\/www.oeaab-wien-aps.at\/wp-content\/uploads\/2025\/03\/20250313_171131-3-edited-scaled.jpg\" alt=\"\" class=\"wp-image-1316\" srcset=\"https:\/\/www.oeaab-wien-aps.at\/wp-content\/uploads\/2025\/03\/20250313_171131-3-edited-scaled.jpg 1920w, https:\/\/www.oeaab-wien-aps.at\/wp-content\/uploads\/2025\/03\/20250313_171131-3-edited-225x300.jpg 225w, https:\/\/www.oeaab-wien-aps.at\/wp-content\/uploads\/2025\/03\/20250313_171131-3-edited-768x1024.jpg 768w, https:\/\/www.oeaab-wien-aps.at\/wp-content\/uploads\/2025\/03\/20250313_171131-3-edited-1152x1536.jpg 1152w, https:\/\/www.oeaab-wien-aps.at\/wp-content\/uploads\/2025\/03\/20250313_171131-3-edited-1536x2048.jpg 1536w, https:\/\/www.oeaab-wien-aps.at\/wp-content\/uploads\/2025\/03\/20250313_171131-3-edited-38x50.jpg 38w, https:\/\/www.oeaab-wien-aps.at\/wp-content\/uploads\/2025\/03\/20250313_171131-3-edited-45x60.jpg 45w, https:\/\/www.oeaab-wien-aps.at\/wp-content\/uploads\/2025\/03\/20250313_171131-3-edited-1320x1760.jpg 1320w\" sizes=\"auto, (max-width: 1920px) 100vw, 1920px\" \/><\/figure>\n\n\n\n<figure class=\"wp-block-image size-large\"><img loading=\"lazy\" decoding=\"async\" width=\"1024\" height=\"768\" data-id=\"1313\" src=\"https:\/\/www.oeaab-wien-aps.at\/wp-content\/uploads\/2025\/03\/20250313_171533-3-1024x768.jpg\" alt=\"\" class=\"wp-image-1313\" srcset=\"https:\/\/www.oeaab-wien-aps.at\/wp-content\/uploads\/2025\/03\/20250313_171533-3-1024x768.jpg 1024w, https:\/\/www.oeaab-wien-aps.at\/wp-content\/uploads\/2025\/03\/20250313_171533-3-300x225.jpg 300w, https:\/\/www.oeaab-wien-aps.at\/wp-content\/uploads\/2025\/03\/20250313_171533-3-768x576.jpg 768w, https:\/\/www.oeaab-wien-aps.at\/wp-content\/uploads\/2025\/03\/20250313_171533-3-1536x1152.jpg 1536w, https:\/\/www.oeaab-wien-aps.at\/wp-content\/uploads\/2025\/03\/20250313_171533-3-2048x1536.jpg 2048w, https:\/\/www.oeaab-wien-aps.at\/wp-content\/uploads\/2025\/03\/20250313_171533-3-50x38.jpg 50w, https:\/\/www.oeaab-wien-aps.at\/wp-content\/uploads\/2025\/03\/20250313_171533-3-80x60.jpg 80w, https:\/\/www.oeaab-wien-aps.at\/wp-content\/uploads\/2025\/03\/20250313_171533-3-1320x990.jpg 1320w\" sizes=\"auto, (max-width: 1024px) 100vw, 1024px\" \/><\/figure>\n\n\n\n<figure class=\"wp-block-image size-large\"><img loading=\"lazy\" decoding=\"async\" width=\"768\" height=\"1024\" data-id=\"1315\" src=\"https:\/\/www.oeaab-wien-aps.at\/wp-content\/uploads\/2025\/03\/20250313_171714-3-768x1024.jpg\" alt=\"\" class=\"wp-image-1315\" srcset=\"https:\/\/www.oeaab-wien-aps.at\/wp-content\/uploads\/2025\/03\/20250313_171714-3-768x1024.jpg 768w, https:\/\/www.oeaab-wien-aps.at\/wp-content\/uploads\/2025\/03\/20250313_171714-3-225x300.jpg 225w, https:\/\/www.oeaab-wien-aps.at\/wp-content\/uploads\/2025\/03\/20250313_171714-3-1152x1536.jpg 1152w, https:\/\/www.oeaab-wien-aps.at\/wp-content\/uploads\/2025\/03\/20250313_171714-3-1536x2048.jpg 1536w, https:\/\/www.oeaab-wien-aps.at\/wp-content\/uploads\/2025\/03\/20250313_171714-3-38x50.jpg 38w, https:\/\/www.oeaab-wien-aps.at\/wp-content\/uploads\/2025\/03\/20250313_171714-3-45x60.jpg 45w, https:\/\/www.oeaab-wien-aps.at\/wp-content\/uploads\/2025\/03\/20250313_171714-3-1320x1760.jpg 1320w, https:\/\/www.oeaab-wien-aps.at\/wp-content\/uploads\/2025\/03\/20250313_171714-3-scaled.jpg 1920w\" sizes=\"auto, (max-width: 768px) 100vw, 768px\" \/><\/figure>\n<\/figure>\n\n\n\n<div class=\"wp-block-media-text alignwide has-media-on-the-right is-stacked-on-mobile\" style=\"grid-template-columns:auto 36%\"><div class=\"wp-block-media-text__content\">\n<h3 class=\"wp-block-heading\">\u00d6AAB Landesfachgruppentagung<\/h3>\n\n\n\n<h3 class=\"wp-block-heading\">22. M\u00e4rz 2023<\/h3>\n\n\n\n<p><\/p>\n<\/div><figure class=\"wp-block-media-text__media\"><img loading=\"lazy\" decoding=\"async\" width=\"1024\" height=\"683\" src=\"http:\/\/www.oeaab-wien-aps.at\/wp-content\/uploads\/2023\/03\/19-1024x683.jpg\" alt=\"\" class=\"wp-image-620 size-full\" srcset=\"https:\/\/www.oeaab-wien-aps.at\/wp-content\/uploads\/2023\/03\/19-1024x683.jpg 1024w, https:\/\/www.oeaab-wien-aps.at\/wp-content\/uploads\/2023\/03\/19-300x200.jpg 300w, https:\/\/www.oeaab-wien-aps.at\/wp-content\/uploads\/2023\/03\/19-768x512.jpg 768w, https:\/\/www.oeaab-wien-aps.at\/wp-content\/uploads\/2023\/03\/19-1536x1025.jpg 1536w, https:\/\/www.oeaab-wien-aps.at\/wp-content\/uploads\/2023\/03\/19-2048x1367.jpg 2048w, https:\/\/www.oeaab-wien-aps.at\/wp-content\/uploads\/2023\/03\/19-50x33.jpg 50w\" sizes=\"auto, (max-width: 1024px) 100vw, 1024px\" \/><\/figure><\/div>\n","protected":false},"excerpt":{"rendered":"<p>Fotos Leitergespr\u00e4ch 2025 \u00d6AAB Landesfachgruppentagung 22. M\u00e4rz 2023<\/p>\n","protected":false},"author":1,"featured_media":0,"parent":0,"menu_order":0,"comment_status":"closed","ping_status":"closed","template":"","meta":{"_kadence_starter_templates_imported_post":false,"footnotes":""},"class_list":["post-17","page","type-page","status-publish","hentry"],"_links":{"self":[{"href":"https:\/\/www.oeaab-wien-aps.at\/index.php?rest_route=\/wp\/v2\/pages\/17","targetHints":{"allow":["GET"]}}],"collection":[{"href":"https:\/\/www.oeaab-wien-aps.at\/index.php?rest_route=\/wp\/v2\/pages"}],"about":[{"href":"https:\/\/www.oeaab-wien-aps.at\/index.php?rest_route=\/wp\/v2\/types\/page"}],"author":[{"embeddable":true,"href":"https:\/\/www.oeaab-wien-aps.at\/index.php?rest_route=\/wp\/v2\/users\/1"}],"replies":[{"embeddable":true,"href":"https:\/\/www.oeaab-wien-aps.at\/index.php?rest_route=%2Fwp%2Fv2%2Fcomments&post=17"}],"version-history":[{"count":6,"href":"https:\/\/www.oeaab-wien-aps.at\/index.php?rest_route=\/wp\/v2\/pages\/17\/revisions"}],"predecessor-version":[{"id":1358,"href":"https:\/\/www.oeaab-wien-aps.at\/index.php?rest_route=\/wp\/v2\/pages\/17\/revisions\/1358"}],"wp:attachment":[{"href":"https:\/\/www.oeaab-wien-aps.at\/index.php?rest_route=%2Fwp%2Fv2%2Fmedia&parent=17"}],"curies":[{"name":"wp","href":"https:\/\/api.w.org\/{rel}","templated":true}]}}