{"id":812,"date":"2023-08-21T09:07:50","date_gmt":"2023-08-21T07:07:50","guid":{"rendered":"http:\/\/www.oeaab-wien-aps.at\/?page_id=812"},"modified":"2024-02-26T13:57:29","modified_gmt":"2024-02-26T12:57:29","slug":"kontakt-2","status":"publish","type":"page","link":"https:\/\/www.oeaab-wien-aps.at\/?page_id=812","title":{"rendered":"Kontakt"},"content":{"rendered":"\n<p><strong>\u00d6AAB Wien<\/strong> APS<\/p>\n\n\n\n<p><a href=\"mailto:service@oeaab-wien-aps.at\" target=\"_blank\" rel=\"noreferrer noopener\">service@oeaab-wien-aps.at<\/a><\/p>\n\n\n\n<p><\/p>\n\n\n\n<p><strong>\u00d6AAB Wien<\/strong><\/p>\n\n\n\n<p>Tel.: +43 1 40143-0<\/p>\n\n\n\n<p>Johann Gassner Haus<\/p>\n\n\n\n<p>Laudongasse 16, 1080 Wien<\/p>\n\n\n\n<p><\/p>\n\n\n\n<p><\/p>\n\n\n\n<h5 class=\"wp-block-heading\">Erreichbarkeit<\/h5>\n\n\n\n<p>\u00d6ffis:<\/p>\n\n\n\n<p>Stra\u00dfenbahn Linie 43 bis Station \u201eLange Gasse\u201c danach 3 Minuten zu Fu\u00df Richtung S\u00fcden bis Ecke Lange Gasse, Laudongasse<\/p>\n\n\n\n<p>Link zum&nbsp;<a href=\"http:\/\/www.wienerlinien.at\/eportal2\/ep\/channelView.do\/channelId\/-46649?routeFrom=&amp;routeTo=16.35066%3A48.21343%3AWGS84%3ALaudongasse+16&amp;routeDatetime=now&amp;immediate=true&amp;deparr=Abfahrt\" target=\"_blank\" rel=\"noreferrer noopener\">Routenplaner der Wiener Linien<\/a><\/p>\n\n\n<div class=\"wp-block-image\">\n<figure class=\"alignright size-full is-resized\"><img loading=\"lazy\" decoding=\"async\" width=\"600\" height=\"450\" src=\"http:\/\/www.oeaab-wien-aps.at\/wp-content\/uploads\/2023\/08\/IMG_7937-300x225_b.jpeg\" alt=\"\" class=\"wp-image-817\" style=\"width:303px;height:228px\" srcset=\"https:\/\/www.oeaab-wien-aps.at\/wp-content\/uploads\/2023\/08\/IMG_7937-300x225_b.jpeg 600w, https:\/\/www.oeaab-wien-aps.at\/wp-content\/uploads\/2023\/08\/IMG_7937-300x225_b-300x225.jpeg 300w, https:\/\/www.oeaab-wien-aps.at\/wp-content\/uploads\/2023\/08\/IMG_7937-300x225_b-50x38.jpeg 50w\" sizes=\"auto, (max-width: 600px) 100vw, 600px\" \/><\/figure>\n<\/div>\n\n\n<p>PKW:<\/p>\n\n\n\n<p>Bitte beachten Sie die fl\u00e4chendeckende, kostenpflichtige Kurzparkzone in Josefstadt.<\/p>\n\n\n\n<p><em>Achtung<\/em>: striktes Parkverbot&nbsp;in den&nbsp;Anrainerparkzonen!!!<\/p>\n\n\n\n<p>Hier finden Sie eine&nbsp;<a href=\"https:\/\/www.wien.gv.at\/stadtplan\/grafik.aspx?lang=de-AT&amp;bookmark=nxFPRiZ2MkZIh6FErTkVRO5Rphlnqnnkur2pH4Oprw-b-b&amp;bmadr=10072296\" target=\"_blank\" rel=\"noreferrer noopener\">Karten\u00fcbersicht<\/a>.<\/p>\n\n\n\n<p>Eingang \u00fcber Gasthaus Reingruber \u201eDie Kantine\u201c<\/p>\n","protected":false},"excerpt":{"rendered":"<p>\u00d6AAB Wien APS service@oeaab-wien-aps.at \u00d6AAB Wien Tel.: +43 1 40143-0 Johann Gassner Haus Laudongasse 16, 1080 Wien Erreichbarkeit \u00d6ffis: Stra\u00dfenbahn Linie 43 bis Station \u201eLange Gasse\u201c danach 3 Minuten zu Fu\u00df Richtung S\u00fcden bis Ecke Lange Gasse, Laudongasse Link zum&nbsp;Routenplaner der Wiener Linien PKW: Bitte beachten Sie die fl\u00e4chendeckende, kostenpflichtige Kurzparkzone in Josefstadt. Achtung: striktes &hellip; <\/p>\n","protected":false},"author":3,"featured_media":0,"parent":0,"menu_order":0,"comment_status":"closed","ping_status":"closed","template":"","meta":{"_kadence_starter_templates_imported_post":false,"footnotes":""},"class_list":["post-812","page","type-page","status-publish","hentry"],"_links":{"self":[{"href":"https:\/\/www.oeaab-wien-aps.at\/index.php?rest_route=\/wp\/v2\/pages\/812","targetHints":{"allow":["GET"]}}],"collection":[{"href":"https:\/\/www.oeaab-wien-aps.at\/index.php?rest_route=\/wp\/v2\/pages"}],"about":[{"href":"https:\/\/www.oeaab-wien-aps.at\/index.php?rest_route=\/wp\/v2\/types\/page"}],"author":[{"embeddable":true,"href":"https:\/\/www.oeaab-wien-aps.at\/index.php?rest_route=\/wp\/v2\/users\/3"}],"replies":[{"embeddable":true,"href":"https:\/\/www.oeaab-wien-aps.at\/index.php?rest_route=%2Fwp%2Fv2%2Fcomments&post=812"}],"version-history":[{"count":0,"href":"https:\/\/www.oeaab-wien-aps.at\/index.php?rest_route=\/wp\/v2\/pages\/812\/revisions"}],"wp:attachment":[{"href":"https:\/\/www.oeaab-wien-aps.at\/index.php?rest_route=%2Fwp%2Fv2%2Fmedia&parent=812"}],"curies":[{"name":"wp","href":"https:\/\/api.w.org\/{rel}","templated":true}]}}